{"id":659,"date":"2024-05-13T13:02:44","date_gmt":"2024-05-13T16:02:44","guid":{"rendered":"http:\/\/iemedicas.com.br\/index.php\/one-page-express\/"},"modified":"2026-04-22T10:13:27","modified_gmt":"2026-04-22T13:13:27","slug":"one-page-express","status":"publish","type":"page","link":"https:\/\/iemedicas.com.br\/","title":{"rendered":"Front Page"},"content":{"rendered":"<img fetchpriority=\"high\" decoding=\"async\" width=\"1024\" height=\"566\" src=\"https:\/\/iemedicas.com.br\/wp-content\/uploads\/2021\/01\/f-iem-1024x566.jpeg\" alt=\"\" srcset=\"https:\/\/iemedicas.com.br\/wp-content\/uploads\/2021\/01\/f-iem-1024x566.jpeg 1024w, https:\/\/iemedicas.com.br\/wp-content\/uploads\/2021\/01\/f-iem-300x166.jpeg 300w, https:\/\/iemedicas.com.br\/wp-content\/uploads\/2021\/01\/f-iem-768x424.jpeg 768w, https:\/\/iemedicas.com.br\/wp-content\/uploads\/2021\/01\/f-iem.jpeg 1280w\" sizes=\"(max-width: 1024px) 100vw, 1024px\" \/>\t\t\t\t\t\t\t\t\t\t\t\t\t\t\t\n\t\t\t\t\t<a href=\"https:\/\/iemedicas.com.br\/wp-content\/uploads\/2024\/06\/TourIEM.mp4\" target=\"_blank\" rel=\"noopener\">\n\t\t\t\t\t\t\t\t\tFA\u00c7A UM TOUR VIRTUAL PELA IEM\n\t\t\t\t\t<\/a>\n\t\t\t\t\t<h2>IEM<\/h2>\t\t\t\t\n\t\t<p>O Instituto de Especialidades M\u00e9dicas \u00e9 uma das mais inovadoras e tecnol\u00f3gicas cl\u00ednicas m\u00e9dicas da regi\u00e3o. Al\u00e9m de contar com mais de 15 \u00e1reas de atua\u00e7\u00e3o o Instituto funciona em parceria com o IDX- Instituto de Diagn\u00f3stico por imagem, e o CDC- Laborat\u00f3rio de An\u00e1lises Cl\u00ednicas, todos localizados no mesmo pr\u00e9dio. Temos tamb\u00e9m Centro Cir\u00fargico Ambulatorial. O objetivo \u00e9 proporcionar uma gama de atendimentos em um s\u00f3 local, trazendo conforto e otimiza\u00e7\u00e3o de tempo para os cuidados com a sua sa\u00fade.<\/p><p><strong>Centro Imagem Loca\u00e7\u00e3o de Salas e Especialidades M\u00e9dicas Ltda<br \/><\/strong><strong>CNPJ 26.570.616\/0001-91<\/strong><\/p>\t\t\n\t\t\t\t\t<h2><br>MISS\u00c3O, VIS\u00c3O E VALORES<\/h2>\t\t\t\t\n\t\t\t\t\t\t\t\t\t\t\t\t\t\t\t<img decoding=\"async\" width=\"300\" height=\"173\" src=\"https:\/\/iemedicas.com.br\/wp-content\/uploads\/2024\/06\/missao-visao-300x173.jpg\" alt=\"\" srcset=\"https:\/\/iemedicas.com.br\/wp-content\/uploads\/2024\/06\/missao-visao-300x173.jpg 300w, https:\/\/iemedicas.com.br\/wp-content\/uploads\/2024\/06\/missao-visao.jpg 596w\" sizes=\"(max-width: 300px) 100vw, 300px\" \/>\t\t\t\t\t\t\t\t\t\t\t\t\t\t\t\n\t\tNossa aposta \u00e9 na qualidade de atendimento e conforto a todos os clientes de forma plena. A sa\u00fade \u00e9 um dos direitos fundamentais do ser humano e nosso foco \u00e9 olhar e acolher de forma personalizada cada demanda trazida para dentro de nosso instituto. Com \u00e9tica, compet\u00eancia, seriedade e respeito, acreditamos em um espa\u00e7o cl\u00ednico diferenciado com toda infraestrutura f\u00edsica e profissional para cuidar da sa\u00fade por inteiro.\n\t\t\t\t\t<h2>ESPECIALIDADES<\/h2>\t\t\t\t\n\t\t<p>Fa\u00e7a seu agendamento clicando no bot\u00e3o abaixo:<\/p>\t\t\n\t\t\t\t\t<a href=\"https:\/\/wa.me\/5519999680300\/?text=Estou%20no%20seu%20site%20e%20gostaria%20de%20agendar%20uma%20consulta\">\n\t\t\t\t\t\t\t\t\tAGENDAR CONSULTA\n\t\t\t\t\t<\/a>\n\t\t\t\t\t\t\t<ul>\n\t\t\t\t\t\t\t<li>\n\t\t\t\t\t\t\t\t\t\tAndrologia\n\t\t\t\t\t\t\t\t\t<\/li>\n\t\t\t\t\t\t\t\t<li>\n\t\t\t\t\t\t\t\t\t\tAngiologista\n\t\t\t\t\t\t\t\t\t<\/li>\n\t\t\t\t\t\t\t\t<li>\n\t\t\t\t\t\t\t\t\t\tBiom\u00e9dica\n\t\t\t\t\t\t\t\t\t<\/li>\n\t\t\t\t\t\t\t\t<li>\n\t\t\t\t\t\t\t\t\t\tBuco Maxilo\n\t\t\t\t\t\t\t\t\t<\/li>\n\t\t\t\t\t\t\t\t<li>\n\t\t\t\t\t\t\t\t\t\tCardiologista\n\t\t\t\t\t\t\t\t\t<\/li>\n\t\t\t\t\t\t\t\t<li>\n\t\t\t\t\t\t\t\t\t\tCirurgia Geral\n\t\t\t\t\t\t\t\t\t<\/li>\n\t\t\t\t\t\t\t\t<li>\n\t\t\t\t\t\t\t\t\t\tClinica Geral\n\t\t\t\t\t\t\t\t\t<\/li>\n\t\t\t\t\t\t\t\t<li>\n\t\t\t\t\t\t\t\t\t\tCirurgia Bari\u00e1trica\n\t\t\t\t\t\t\t\t\t<\/li>\n\t\t\t\t\t\t\t\t<li>\n\t\t\t\t\t\t\t\t\t\tCirurgia Pl\u00e1stica\n\t\t\t\t\t\t\t\t\t<\/li>\n\t\t\t\t\t\t\t\t<li>\n\t\t\t\t\t\t\t\t\t\tCl\u00ednica M\u00e9dica\n\t\t\t\t\t\t\t\t\t<\/li>\n\t\t\t\t\t\t\t\t<li>\n\t\t\t\t\t\t\t\t\t\tColoproctologia\n\t\t\t\t\t\t\t\t\t<\/li>\n\t\t\t\t\t\t\t\t<li>\n\t\t\t\t\t\t\t\t\t\tDermatologista\n\t\t\t\t\t\t\t\t\t<\/li>\n\t\t\t\t\t\t\t\t<li>\n\t\t\t\t\t\t\t\t\t\tEcocardiograma\n\t\t\t\t\t\t\t\t\t<\/li>\n\t\t\t\t\t\t\t\t<li>\n\t\t\t\t\t\t\t\t\t\tEndocrinologista\n\t\t\t\t\t\t\t\t\t<\/li>\n\t\t\t\t\t\t\t\t<li>\n\t\t\t\t\t\t\t\t\t\tEst\u00e9tica\n\t\t\t\t\t\t\t\t\t<\/li>\n\t\t\t\t\t\t\t\t<li>\n\t\t\t\t\t\t\t\t\t\tFonoaudiologista\n\t\t\t\t\t\t\t\t\t<\/li>\n\t\t\t\t\t\t\t\t<li>\n\t\t\t\t\t\t\t\t\t\tGeriatria\n\t\t\t\t\t\t\t\t\t<\/li>\n\t\t\t\t\t\t\t\t<li>\n\t\t\t\t\t\t\t\t\t\tGinecologia\n\t\t\t\t\t\t\t\t\t<\/li>\n\t\t\t\t\t\t<\/ul>\n\t\t\t\t\t\t\t<ul>\n\t\t\t\t\t\t\t<li>\n\t\t\t\t\t\t\t\t\t\tGastroenterologista\n\t\t\t\t\t\t\t\t\t<\/li>\n\t\t\t\t\t\t\t\t<li>\n\t\t\t\t\t\t\t\t\t\tHepatologista\n\t\t\t\t\t\t\t\t\t<\/li>\n\t\t\t\t\t\t\t\t<li>\n\t\t\t\t\t\t\t\t\t\tInfectologia\n\t\t\t\t\t\t\t\t\t<\/li>\n\t\t\t\t\t\t\t\t<li>\n\t\t\t\t\t\t\t\t\t\tMastologista\n\t\t\t\t\t\t\t\t\t<\/li>\n\t\t\t\t\t\t\t\t<li>\n\t\t\t\t\t\t\t\t\t\tMetabologia\n\t\t\t\t\t\t\t\t\t<\/li>\n\t\t\t\t\t\t\t\t<li>\n\t\t\t\t\t\t\t\t\t\tNeurocirurgia\n\t\t\t\t\t\t\t\t\t<\/li>\n\t\t\t\t\t\t\t\t<li>\n\t\t\t\t\t\t\t\t\t\tNeurologista\n\t\t\t\t\t\t\t\t\t<\/li>\n\t\t\t\t\t\t\t\t<li>\n\t\t\t\t\t\t\t\t\t\tObstetra\n\t\t\t\t\t\t\t\t\t<\/li>\n\t\t\t\t\t\t\t\t<li>\n\t\t\t\t\t\t\t\t\t\tOftalmologia\n\t\t\t\t\t\t\t\t\t<\/li>\n\t\t\t\t\t\t\t\t<li>\n\t\t\t\t\t\t\t\t\t\tOrtopedia\n\t\t\t\t\t\t\t\t\t<\/li>\n\t\t\t\t\t\t\t\t<li>\n\t\t\t\t\t\t\t\t\t\tOtorrinolaringologia\n\t\t\t\t\t\t\t\t\t<\/li>\n\t\t\t\t\t\t\t\t<li>\n\t\t\t\t\t\t\t\t\t\tPneumologista\n\t\t\t\t\t\t\t\t\t<\/li>\n\t\t\t\t\t\t\t\t<li>\n\t\t\t\t\t\t\t\t\t\tSexualidade\n\t\t\t\t\t\t\t\t\t<\/li>\n\t\t\t\t\t\t\t\t<li>\n\t\t\t\t\t\t\t\t\t\tTeste Ergom\u00e9trico\n\t\t\t\t\t\t\t\t\t<\/li>\n\t\t\t\t\t\t\t\t<li>\n\t\t\t\t\t\t\t\t\t\tTraumatologia\n\t\t\t\t\t\t\t\t\t<\/li>\n\t\t\t\t\t\t\t\t<li>\n\t\t\t\t\t\t\t\t\t\tUrologia\n\t\t\t\t\t\t\t\t\t<\/li>\n\t\t\t\t\t\t\t\t<li>\n\t\t\t\t\t\t\t\t\t\tVascular\n\t\t\t\t\t\t\t\t\t<\/li>\n\t\t\t\t\t\t<\/ul>\n\t\t\t\t\t<a href=\"https:\/\/iemedicas.com.br\/index.php\/corpo-clinico-instituto-de-especialidades-medicas\/\">\n\t\t\t\t\t\t\t\t\tCONHE\u00c7A NOSSO CORPO CL\u00cdNICO\n\t\t\t\t\t<\/a>\n\t\t\t\t\t<h2>ESPECIALIDADES<\/h2>\t\t\t\t\n\t\t<p>Fa\u00e7a seu agendamento clicando no bot\u00e3o abaixo:<\/p>\t\t\n\t\t\t\t\t<a href=\"https:\/\/wa.me\/5519999680300\/?text=Estou%20no%20seu%20site%20e%20gostaria%20de%20agendar%20uma%20consulta\">\n\t\t\t\t\t\t\t\t\tAGENDAR CONSULTA\n\t\t\t\t\t<\/a>\n\t\t\t\t\t\t\t<ul>\n\t\t\t\t\t\t\t<li>\n\t\t\t\t\t\t\t\t\t\tAndrologia\n\t\t\t\t\t\t\t\t\t<\/li>\n\t\t\t\t\t\t\t\t<li>\n\t\t\t\t\t\t\t\t\t\tAngiologista\n\t\t\t\t\t\t\t\t\t<\/li>\n\t\t\t\t\t\t\t\t<li>\n\t\t\t\t\t\t\t\t\t\tBiom\u00e9dica\n\t\t\t\t\t\t\t\t\t<\/li>\n\t\t\t\t\t\t\t\t<li>\n\t\t\t\t\t\t\t\t\t\tBuco Maxilo\n\t\t\t\t\t\t\t\t\t<\/li>\n\t\t\t\t\t\t\t\t<li>\n\t\t\t\t\t\t\t\t\t\tCardiologista\n\t\t\t\t\t\t\t\t\t<\/li>\n\t\t\t\t\t\t\t\t<li>\n\t\t\t\t\t\t\t\t\t\tCirurgia Geral\n\t\t\t\t\t\t\t\t\t<\/li>\n\t\t\t\t\t\t\t\t<li>\n\t\t\t\t\t\t\t\t\t\tClinica Geral\n\t\t\t\t\t\t\t\t\t<\/li>\n\t\t\t\t\t\t\t\t<li>\n\t\t\t\t\t\t\t\t\t\tCirurgia Bari\u00e1trica\n\t\t\t\t\t\t\t\t\t<\/li>\n\t\t\t\t\t\t\t\t<li>\n\t\t\t\t\t\t\t\t\t\tCirurgia Pl\u00e1stica\n\t\t\t\t\t\t\t\t\t<\/li>\n\t\t\t\t\t\t\t\t<li>\n\t\t\t\t\t\t\t\t\t\tCl\u00ednica M\u00e9dica\n\t\t\t\t\t\t\t\t\t<\/li>\n\t\t\t\t\t\t\t\t<li>\n\t\t\t\t\t\t\t\t\t\tColoproctologia\n\t\t\t\t\t\t\t\t\t<\/li>\n\t\t\t\t\t\t\t\t<li>\n\t\t\t\t\t\t\t\t\t\tDermatologista\n\t\t\t\t\t\t\t\t\t<\/li>\n\t\t\t\t\t\t\t\t<li>\n\t\t\t\t\t\t\t\t\t\tEcocardiograma\n\t\t\t\t\t\t\t\t\t<\/li>\n\t\t\t\t\t\t\t\t<li>\n\t\t\t\t\t\t\t\t\t\tEndocrinologista\n\t\t\t\t\t\t\t\t\t<\/li>\n\t\t\t\t\t\t\t\t<li>\n\t\t\t\t\t\t\t\t\t\tEst\u00e9tica\n\t\t\t\t\t\t\t\t\t<\/li>\n\t\t\t\t\t\t\t\t<li>\n\t\t\t\t\t\t\t\t\t\tFonoaudiologista\n\t\t\t\t\t\t\t\t\t<\/li>\n\t\t\t\t\t\t\t\t<li>\n\t\t\t\t\t\t\t\t\t\tGeriatria\n\t\t\t\t\t\t\t\t\t<\/li>\n\t\t\t\t\t\t\t\t<li>\n\t\t\t\t\t\t\t\t\t\tGinecologia\n\t\t\t\t\t\t\t\t\t<\/li>\n\t\t\t\t\t\t<\/ul>\n\t\t\t\t\t\t\t<ul>\n\t\t\t\t\t\t\t<li>\n\t\t\t\t\t\t\t\t\t\tGastroenterologista\n\t\t\t\t\t\t\t\t\t<\/li>\n\t\t\t\t\t\t\t\t<li>\n\t\t\t\t\t\t\t\t\t\tHepatologista\n\t\t\t\t\t\t\t\t\t<\/li>\n\t\t\t\t\t\t\t\t<li>\n\t\t\t\t\t\t\t\t\t\tInfectologia\n\t\t\t\t\t\t\t\t\t<\/li>\n\t\t\t\t\t\t\t\t<li>\n\t\t\t\t\t\t\t\t\t\tMastologista\n\t\t\t\t\t\t\t\t\t<\/li>\n\t\t\t\t\t\t\t\t<li>\n\t\t\t\t\t\t\t\t\t\tMetabologia\n\t\t\t\t\t\t\t\t\t<\/li>\n\t\t\t\t\t\t\t\t<li>\n\t\t\t\t\t\t\t\t\t\tNeurocirurgia\n\t\t\t\t\t\t\t\t\t<\/li>\n\t\t\t\t\t\t\t\t<li>\n\t\t\t\t\t\t\t\t\t\tNeurologista\n\t\t\t\t\t\t\t\t\t<\/li>\n\t\t\t\t\t\t\t\t<li>\n\t\t\t\t\t\t\t\t\t\tObstetra\n\t\t\t\t\t\t\t\t\t<\/li>\n\t\t\t\t\t\t\t\t<li>\n\t\t\t\t\t\t\t\t\t\tOftalmologia\n\t\t\t\t\t\t\t\t\t<\/li>\n\t\t\t\t\t\t\t\t<li>\n\t\t\t\t\t\t\t\t\t\tOrtopedia\n\t\t\t\t\t\t\t\t\t<\/li>\n\t\t\t\t\t\t\t\t<li>\n\t\t\t\t\t\t\t\t\t\tOtorrinolaringologia\n\t\t\t\t\t\t\t\t\t<\/li>\n\t\t\t\t\t\t\t\t<li>\n\t\t\t\t\t\t\t\t\t\tPneumologista\n\t\t\t\t\t\t\t\t\t<\/li>\n\t\t\t\t\t\t\t\t<li>\n\t\t\t\t\t\t\t\t\t\tSexualidade\n\t\t\t\t\t\t\t\t\t<\/li>\n\t\t\t\t\t\t\t\t<li>\n\t\t\t\t\t\t\t\t\t\tTeste Ergom\u00e9trico\n\t\t\t\t\t\t\t\t\t<\/li>\n\t\t\t\t\t\t\t\t<li>\n\t\t\t\t\t\t\t\t\t\tTraumatologia\n\t\t\t\t\t\t\t\t\t<\/li>\n\t\t\t\t\t\t\t\t<li>\n\t\t\t\t\t\t\t\t\t\tUrologia\n\t\t\t\t\t\t\t\t\t<\/li>\n\t\t\t\t\t\t\t\t<li>\n\t\t\t\t\t\t\t\t\t\tVascular\n\t\t\t\t\t\t\t\t\t<\/li>\n\t\t\t\t\t\t<\/ul>\n\t\t\t\t\t<a href=\"https:\/\/iemedicas.com.br\/index.php\/corpo-clinico-instituto-de-especialidades-medicas\/\">\n\t\t\t\t\t\t\t\t\tCONHE\u00c7A NOSSO CORPO CL\u00cdNICO\n\t\t\t\t\t<\/a>\n\t\t\t\t\t<h2>Conhe\u00e7a nossa \nEquipe de Especialistas<\/h2>\t\t\t\t\n\t\t\t\t\t<a href=\"https:\/\/iemedicas.com.br\/index.php\/especialistas-instituto-de-especialidades-medicas\/\">\n\t\t\t\t\t\t\t\t\tClique aqui\n\t\t\t\t\t<\/a>\n\t\t\t\t\t<h2>EXAMES <\/h2>\t\t\t\t\n\t\t<p>Fa\u00e7a seu agendamento clicando no bot\u00e3o abaixo:<\/p>\t\t\n\t\t\t\t\t<a href=\"https:\/\/wa.me\/5519999680300\/?text=Estou%20no%20seu%20site%20e%20gostaria%20de%20agendar%20um%20exame\">\n\t\t\t\t\t\t\t\t\tAGENDAR CONSULTA\n\t\t\t\t\t<\/a>\n\t\t\t\t\t<figure><img decoding=\"async\" width=\"740\" height=\"493\" src=\"https:\/\/iemedicas.com.br\/wp-content\/uploads\/2024\/05\/cardio-1.jpg\" alt=\"\" \/><\/figure><h3>EXAMES CARDIOL\u00d3GICOS<\/h3><p>M.A.P.A, Holter, Ecocardiograma e outros<\/p>\t\t\t\t\n\t\t\t\t\t<figure><img loading=\"lazy\" decoding=\"async\" width=\"740\" height=\"492\" src=\"https:\/\/iemedicas.com.br\/wp-content\/uploads\/2024\/05\/sangue.jpg\" alt=\"\" \/><\/figure><h3>EXAMES LABORATORIAIS<\/h3><p>Hemograma e outros<\/p>\t\t\t\t\n\t\t\t\t\t<figure><img loading=\"lazy\" decoding=\"async\" width=\"740\" height=\"493\" src=\"https:\/\/iemedicas.com.br\/wp-content\/uploads\/2024\/05\/ressonancia.jpg\" alt=\"\" \/><\/figure><h3>RESSON\u00c2NCIA MAGN\u00c9TICA<\/h3><p>Abdominal e P\u00e9lvica, Mam\u00e1ria, Musculoesquel\u00e9tica, Neurorradiologia, Pedi\u00e1trica, Tor\u00e1cica, Urorradiologia e Vascular.\nPraticidade em Exames IDX<\/p>\t\t\t\t\n\t\t\t\t\t<a href=\"https:\/\/www.instagram.com\/idximagem\/p\/CqStUxAOLTP\/\">\n\t\t\t\t\t\t\t\t\tAgendar\n\t\t\t\t\t<\/a>\n\t\t\t\t\t<figure><img loading=\"lazy\" decoding=\"async\" width=\"740\" height=\"493\" src=\"https:\/\/iemedicas.com.br\/wp-content\/uploads\/2024\/05\/ultrassom.jpg\" alt=\"\" \/><\/figure><h3>ULTRASSONOGRAFIA E MAMOGRAFIA<\/h3><p>Geral e com Doppler, Ginecol\u00f3gica e Obst\u00e9trica, Musculoesquel\u00e9tica e Elastografia<br>Praticidade em Exames IDX<\/p>\t\t\t\t\n\t\t\t\t\t<a href=\"https:\/\/www.instagram.com\/idximagem\/p\/CqStUxAOLTP\/\">\n\t\t\t\t\t\t\t\t\tAgendar\n\t\t\t\t\t<\/a>\n\t\t\t\t\t\t\t\t\t\t\t\t\t\t\t<img loading=\"lazy\" decoding=\"async\" width=\"500\" height=\"75\" src=\"https:\/\/iemedicas.com.br\/wp-content\/uploads\/2024\/05\/laboratorios.png\" alt=\"\" srcset=\"https:\/\/iemedicas.com.br\/wp-content\/uploads\/2024\/05\/laboratorios.png 500w, https:\/\/iemedicas.com.br\/wp-content\/uploads\/2024\/05\/laboratorios-300x45.png 300w\" sizes=\"(max-width: 500px) 100vw, 500px\" \/>\t\t\t\t\t\t\t\t\t\t\t\t\t\t\t\n\t\t\t\t\t<h2><br>LOCA\u00c7\u00c3O<\/h2>\t\t\t\t\n\t\t<p>O IEM oferece loca\u00e7\u00e3o de salas equipadas e mobiliadas \u2013 por per\u00edodo \u2013 com servi\u00e7o de zeladoria e toda modernidade e estrutura necess\u00e1ria para um bom trabalho e um excelente atendimento. <br \/><br \/>Entre as salas, quatro delas possuem toalete pr\u00f3prio.<br \/>Sua constru\u00e7\u00e3o sustent\u00e1vel gera ainda uma otimiza\u00e7\u00e3o de gastos, conquistadas a partir da Ilumina\u00e7\u00e3o 100% Led; do Ar Condicionado Ecol\u00f3gico com Sensor de Presen\u00e7a\u2019 e do Sistema de Reuso de \u00c1gua da Chuva.<br \/><br \/>Entre em contato conosco! Fa\u00e7a parte de nosso time!<\/p>\t\t\n\t\t\t\t\t\t\t\t\t\t\t\t\t\t\t<img loading=\"lazy\" decoding=\"async\" width=\"660\" height=\"426\" src=\"https:\/\/iemedicas.com.br\/wp-content\/uploads\/2021\/01\/hall.jpg\" alt=\"\" srcset=\"https:\/\/iemedicas.com.br\/wp-content\/uploads\/2021\/01\/hall.jpg 660w, https:\/\/iemedicas.com.br\/wp-content\/uploads\/2021\/01\/hall-300x194.jpg 300w\" sizes=\"(max-width: 660px) 100vw, 660px\" \/>\t\t\t\t\t\t\t\t\t\t\t\t\t\t\t\n\t\t\t\t\t<a href=\"https:\/\/iemedicas.com.br\/wp-content\/uploads\/2024\/06\/TourIEM.mp4\" target=\"_blank\" rel=\"noopener\">\n\t\t\t\t\t\t\t\t\tFA\u00c7A UM TOUR VIRTUAL PELA IEM\n\t\t\t\t\t<\/a>\n\t\t\t\t\t<h2>FALE CONOSCO<\/h2>\t\t\t\t\n\t\t\n<div class=\"wpcf7 no-js\" id=\"wpcf7-f661-o1\" lang=\"pt-BR\" dir=\"ltr\">\n<div class=\"screen-reader-response\"><p role=\"status\" aria-live=\"polite\" aria-atomic=\"true\"><\/p> <ul><\/ul><\/div>\n<form action=\"\/index.php\/wp-json\/wp\/v2\/pages\/659#wpcf7-f661-o1\" method=\"post\" class=\"wpcf7-form init\" aria-label=\"Formul\u00e1rios de contato\" novalidate=\"novalidate\" data-status=\"init\">\n<div style=\"display: none;\">\n<input type=\"hidden\" name=\"_wpcf7\" value=\"661\" \/>\n<input type=\"hidden\" name=\"_wpcf7_version\" value=\"5.9.8\" \/>\n<input type=\"hidden\" name=\"_wpcf7_locale\" value=\"pt_BR\" \/>\n<input type=\"hidden\" name=\"_wpcf7_unit_tag\" value=\"wpcf7-f661-o1\" \/>\n<input type=\"hidden\" name=\"_wpcf7_container_post\" value=\"0\" \/>\n<input type=\"hidden\" name=\"_wpcf7_posted_data_hash\" value=\"\" \/>\n<\/div>\n<p><label> Nome<br \/>\n<span class=\"wpcf7-form-control-wrap\" data-name=\"your-name\"><input size=\"40\" maxlength=\"400\" class=\"wpcf7-form-control wpcf7-text wpcf7-validates-as-required\" autocomplete=\"name\" aria-required=\"true\" aria-invalid=\"false\" value=\"\" type=\"text\" name=\"your-name\" \/><\/span> <\/label>\n<\/p>\n<p><label> E-mail<br \/>\n<span class=\"wpcf7-form-control-wrap\" data-name=\"your-email\"><input size=\"40\" maxlength=\"400\" class=\"wpcf7-form-control wpcf7-email wpcf7-validates-as-required wpcf7-text wpcf7-validates-as-email\" autocomplete=\"email\" aria-required=\"true\" aria-invalid=\"false\" value=\"\" type=\"email\" name=\"your-email\" \/><\/span> <\/label>\n<\/p>\n<p><label> Assunto<br \/>\n<span class=\"wpcf7-form-control-wrap\" data-name=\"your-subject\"><input size=\"40\" maxlength=\"400\" class=\"wpcf7-form-control wpcf7-text wpcf7-validates-as-required\" aria-required=\"true\" aria-invalid=\"false\" value=\"\" type=\"text\" name=\"your-subject\" \/><\/span> <\/label>\n<\/p>\n<p><label> Mensagem<br \/>\n<span class=\"wpcf7-form-control-wrap\" data-name=\"your-message\"><textarea cols=\"40\" rows=\"10\" maxlength=\"2000\" class=\"wpcf7-form-control wpcf7-textarea\" aria-invalid=\"false\" name=\"your-message\"><\/textarea><\/span> <\/label>\n<\/p>\n<p><input class=\"wpcf7-form-control wpcf7-submit has-spinner\" type=\"submit\" value=\"Enviar\" \/>\n<\/p><div class=\"wpcf7-response-output\" aria-hidden=\"true\"><\/div>\n<\/form>\n<\/div>\n\t\t\n\t\t\t\t\t\t\t<ul>\n\t\t\t\t\t\t\t<li>\n\t\t\t\t\t\t\t\t\t\tAv Dom Nery, 300 &#8211; 1\u00ba andar &#8211; Vila Embar\u00e9 &#8211; 13271-150 &#8211; Valinhos &#8211; SP \n\t\t\t\t\t\t\t\t\t<\/li>\n\t\t\t\t\t\t\t\t<li>\n\t\t\t\t\t\t\t\t\t\t(19) 3167-0050  \n\t\t\t\t\t\t\t\t\t<\/li>\n\t\t\t\t\t\t\t\t<li>\n\t\t\t\t\t\t\t\t\t\t\t<a href=\"https:\/\/wa.me\/5519999680300\/?text=Estou%20no%20seu%20site%20e%20gostaria%20de%20agendar%20uma%20consulta\">\n\t\t\t\t\t\t\t\t\t\t(19) 99968-0300\n\t\t\t\t\t\t\t\t\t\t\t<\/a>\n\t\t\t\t\t\t\t\t\t<\/li>\n\t\t\t\t\t\t\t\t<li>\n\t\t\t\t\t\t\t\t\t\tcontato@iemedicas.com.br\n\t\t\t\t\t\t\t\t\t<\/li>\n\t\t\t\t\t\t\t\t<li>\n\t\t\t\t\t\t\t\t\t\tSegunda a sexta-feira das 7 \u00e0s 19h\n\t\t\t\t\t\t\t\t\t<\/li>\n\t\t\t\t\t\t\t\t<li>\n\t\t\t\t\t\t\t\t\t\t\t<a href=\"https:\/\/maps.app.goo.gl\/qVP5o9RhAFCqhJif7\">\n\t\t\t\t\t\t\t\t\t\tAcessar Localiza\u00e7\u00e3o\n\t\t\t\t\t\t\t\t\t\t\t<\/a>\n\t\t\t\t\t\t\t\t\t<\/li>\n\t\t\t\t\t\t\t\t<li>\n\t\t\t\t\t\t\t\t\t\tCentro Imagem Loca\u00e7\u00e3o de Salas e Especialidades M\u00e9dicas Ltda &#8211; CNPJ 26.570.616\/0001-91\n\t\t\t\t\t\t\t\t\t<\/li>\n\t\t\t\t\t\t<\/ul>\n\t\t\t\t\t\t\t\t\t\t\t\t\t\t\t<img loading=\"lazy\" decoding=\"async\" width=\"500\" height=\"75\" src=\"https:\/\/iemedicas.com.br\/wp-content\/uploads\/2024\/05\/laboratorios.png\" alt=\"\" srcset=\"https:\/\/iemedicas.com.br\/wp-content\/uploads\/2024\/05\/laboratorios.png 500w, https:\/\/iemedicas.com.br\/wp-content\/uploads\/2024\/05\/laboratorios-300x45.png 300w\" sizes=\"(max-width: 500px) 100vw, 500px\" \/>\t\t\t\t\t\t\t\t\t\t\t\t\t\t\t\n\t\t\t\t\t\t\t\t\t\t\t\t\t\t\t<img loading=\"lazy\" decoding=\"async\" width=\"300\" height=\"106\" src=\"https:\/\/iemedicas.com.br\/wp-content\/uploads\/2026\/04\/beneficiencia-300x106.png\" alt=\"\" srcset=\"https:\/\/iemedicas.com.br\/wp-content\/uploads\/2026\/04\/beneficiencia-300x106.png 300w, https:\/\/iemedicas.com.br\/wp-content\/uploads\/2026\/04\/beneficiencia-1024x362.png 1024w, https:\/\/iemedicas.com.br\/wp-content\/uploads\/2026\/04\/beneficiencia-768x271.png 768w, https:\/\/iemedicas.com.br\/wp-content\/uploads\/2026\/04\/beneficiencia-1536x543.png 1536w, https:\/\/iemedicas.com.br\/wp-content\/uploads\/2026\/04\/beneficiencia-2048x724.png 2048w, https:\/\/iemedicas.com.br\/wp-content\/uploads\/2026\/04\/beneficiencia-1920x678.png 1920w\" sizes=\"(max-width: 300px) 100vw, 300px\" \/>\t\t\t\t\t\t\t\t\t\t\t\t\t\t\t\n\t\t\t\t\t<h2>AVALIE NOSSO ATENDIMENTO<\/h2>\t\t\t\t\n\t\t\t\t\t\t\t\t\t\t\t\t\t\t\t<img decoding=\"async\" src=\"https:\/\/iemedicas.com.br\/wp-content\/uploads\/elementor\/thumbs\/atendimento-qpzxlxcwtna2db8giedfs5zuyocvlq4ub8r9cjszuw.png\" title=\"atendimento\" alt=\"atendimento\" loading=\"lazy\" \/>\t\t\t\t\t\t\t\t\t\t\t\t\t\t\t\n\t\t<p>Sua sa\u00fade \u00e9 a nossa prioridade!<\/p><p><a style=\"font-size: 18px; font-family: var( --e-global-typography-text-font-family ), Sans-serif; font-weight: var( --e-global-typography-text-font-weight );\" href=\"https:\/\/forms.office.com\/pages\/responsepage.aspx?id=wKZwY5B7CUe9blnCjt6DO5zXMgpEu0VDi8qx2BerFLZUMkNKWFgzWjk5OURTOUhFOVhDNEJMUUlBRS4u&amp;origin=QRCode\" target=\"_blank\" rel=\"noopener\">Clique aqui<\/a>&nbsp;e nos avalie atrav\u00e9s da nossa <strong>Pesquisa de Satisfa\u00e7\u00e3o<\/strong><\/p>\t\t\n\t\t\t\t\t\t\t\t\t\t\t\t\t\t\t<img loading=\"lazy\" decoding=\"async\" width=\"490\" height=\"110\" src=\"https:\/\/iemedicas.com.br\/wp-content\/uploads\/2024\/08\/cropped-cropped-LogoIEM_2024_site_sombra.png\" alt=\"\" srcset=\"https:\/\/iemedicas.com.br\/wp-content\/uploads\/2024\/08\/cropped-cropped-LogoIEM_2024_site_sombra.png 490w, https:\/\/iemedicas.com.br\/wp-content\/uploads\/2024\/08\/cropped-cropped-LogoIEM_2024_site_sombra-300x67.png 300w\" sizes=\"(max-width: 490px) 100vw, 490px\" \/>","protected":false},"excerpt":{"rendered":"<p>FA\u00c7A UM TOUR VIRTUAL PELA IEM IEM O Instituto de Especialidades M\u00e9dicas \u00e9 uma das mais inovadoras e tecnol\u00f3gicas cl\u00ednicas m\u00e9dicas da regi\u00e3o. Al\u00e9m de contar com mais de 15 \u00e1reas de atua\u00e7\u00e3o o Instituto funciona em parceria com o IDX- Instituto de Diagn\u00f3stico por imagem, e o CDC- Laborat\u00f3rio de An\u00e1lises Cl\u00ednicas, todos localizados&hellip; <br \/> <a class=\"button small blue\" href=\"https:\/\/iemedicas.com.br\/index.php\/2021\/01\/27\/ola-mundo\/\">Leia mais<\/a><\/p>\n","protected":false},"author":5,"featured_media":0,"parent":0,"menu_order":0,"comment_status":"closed","ping_status":"closed","template":"","meta":{"footnotes":""},"_links":{"self":[{"href":"https:\/\/iemedicas.com.br\/index.php\/wp-json\/wp\/v2\/pages\/659"}],"collection":[{"href":"https:\/\/iemedicas.com.br\/index.php\/wp-json\/wp\/v2\/pages"}],"about":[{"href":"https:\/\/iemedicas.com.br\/index.php\/wp-json\/wp\/v2\/types\/page"}],"author":[{"embeddable":true,"href":"https:\/\/iemedicas.com.br\/index.php\/wp-json\/wp\/v2\/users\/5"}],"replies":[{"embeddable":true,"href":"https:\/\/iemedicas.com.br\/index.php\/wp-json\/wp\/v2\/comments?post=659"}],"version-history":[{"count":238,"href":"https:\/\/iemedicas.com.br\/index.php\/wp-json\/wp\/v2\/pages\/659\/revisions"}],"predecessor-version":[{"id":1308,"href":"https:\/\/iemedicas.com.br\/index.php\/wp-json\/wp\/v2\/pages\/659\/revisions\/1308"}],"wp:attachment":[{"href":"https:\/\/iemedicas.com.br\/index.php\/wp-json\/wp\/v2\/media?parent=659"}],"curies":[{"name":"wp","href":"https:\/\/api.w.org\/{rel}","templated":true}]}}