{"id":1212,"date":"2026-04-16T11:51:26","date_gmt":"2026-04-16T14:51:26","guid":{"rendered":"https:\/\/iemedicas.com.br\/?page_id=1212"},"modified":"2026-04-16T11:59:20","modified_gmt":"2026-04-16T14:59:20","slug":"especialistas-instituto-de-especialidades-medicas","status":"publish","type":"page","link":"https:\/\/iemedicas.com.br\/index.php\/especialistas-instituto-de-especialidades-medicas\/","title":{"rendered":"Especialistas &#8211; Instituto de Especialidades M\u00e9dicas"},"content":{"rendered":"\t\t<div data-elementor-type=\"wp-page\" data-elementor-id=\"1212\" class=\"elementor elementor-1212\">\n\t\t\t\t\t\t<section class=\"elementor-section elementor-top-section elementor-element elementor-element-57415aa elementor-section-boxed elementor-section-height-default elementor-section-height-default\" data-id=\"57415aa\" data-element_type=\"section\">\n\t\t\t\t\t\t<div class=\"elementor-container elementor-column-gap-default\">\n\t\t\t\t\t<div class=\"elementor-column elementor-col-33 elementor-top-column elementor-element elementor-element-69560ac\" data-id=\"69560ac\" data-element_type=\"column\">\n\t\t\t<div class=\"elementor-widget-wrap elementor-element-populated\">\n\t\t\t\t\t\t<div class=\"elementor-element elementor-element-f7b89a6 elementor-widget elementor-widget-text-editor\" data-id=\"f7b89a6\" data-element_type=\"widget\" data-widget_type=\"text-editor.default\">\n\t\t\t\t<div class=\"elementor-widget-container\">\n\t\t\t\t\t\t\t\t\t<p><strong>DR. ADILSON A. GOUV\u00caA<\/strong><br \/>Urologista \/ Andrologista<br \/>CRM: 53.759<br \/>Particular, Associa\u00e7\u00e3o dos Aposentados,<br \/>Benefic\u00eancia Portuguesa, Bradesco, Cabesp, Cassi, Funda\u00e7\u00e3o Cesp e Unimed<\/p>\n<p><br \/><strong>DRA. AMANDA MARIA SACILOTTO DETONI<\/strong><br \/>Mastologista<br \/>CRM: 182.952<br \/>Benefic\u00eancia Portuguesa<\/p>\n<p><br \/><strong>DRA. ANA CLAUDIA ROLIM BRANCO<\/strong><br \/>Dermatologista<br \/>CRM: 199.309<br \/>Benefic\u00eancia Portuguesa<\/p>\n<p><br \/><strong>DRA. ANA FL\u00c1VIA MUNIZ RENNO<\/strong><br \/>Ginecologista<br \/>CRM: 126.592<br \/>Benefic\u00eancia Portuguesa<\/p>\n<p><br \/><strong>DRA. ANA LARA PINHEIRO MARCO<\/strong><br \/>Otorrinolaringologista<br \/>CRM: 243.561<br \/>Benefic\u00eancia Portuguesa<\/p>\n<p><br \/><strong>DR. ANDR\u00c9 FRANCHINI FERNANDES<\/strong><br \/>Cardiologista<br \/>CRM: 104.633<br \/>Benefic\u00eancia Portuguesa<\/p>\n<p><br \/><strong>DRA. AYLA SUHIB ZINOU<\/strong><br \/>Endocrinologista<br \/>CRM: 182.210<br \/>Benefic\u00eancia Portuguesa<\/p>\n<p><br \/><strong>DR. BRUNO ALBUQUERQUE COLONTONI<\/strong><br \/>Cardiologista \/ Ecocardiograma<br \/>CRM: 126.127<br \/>Particular e Unimed<\/p>\n<p><br \/><strong>DR. BRUNO DO AMARAL HADDAD<\/strong><br \/>Buco Maxilo<br \/>CRO: 109.300<br \/>Benefic\u00eancia Portuguesa<\/p>\n<p><br \/><strong>DRA. DENISE BARBOSA MALEK<\/strong><br \/>Pneumologista<br \/>CRM: 55.577<br \/>Benefic\u00eancia Portuguesa<\/p>\n<p><br \/><strong>DR. DIEGO DE CAMARGO<\/strong><br \/>Cl\u00ednica M\u00e9dica Geral<br \/>CRM: 241.781<br \/>Benefic\u00eancia Portuguesa<\/p>\t\t\t\t\t\t\t\t<\/div>\n\t\t\t\t<\/div>\n\t\t\t\t\t<\/div>\n\t\t<\/div>\n\t\t\t\t<div class=\"elementor-column elementor-col-33 elementor-top-column elementor-element elementor-element-583e78e\" data-id=\"583e78e\" data-element_type=\"column\">\n\t\t\t<div class=\"elementor-widget-wrap elementor-element-populated\">\n\t\t\t\t\t\t<div class=\"elementor-element elementor-element-6fae06d elementor-widget elementor-widget-text-editor\" data-id=\"6fae06d\" data-element_type=\"widget\" data-widget_type=\"text-editor.default\">\n\t\t\t\t<div class=\"elementor-widget-container\">\n\t\t\t\t\t\t\t\t\t<p><strong>DR. EDUARDO VARELLA GEWEHR<\/strong><br \/>Urologista<br \/>CRM: 123.005<br \/>Particular, Associa\u00e7\u00e3o dos Aposentados,<br \/>Bradesco Sa\u00fade e Unimed<\/p>\n<p><br \/><strong>DRA. ELIS\u00c2NGELA DE SOUSA<\/strong><br \/>Biom\u00e9dica \/ Est\u00e9ta<br \/>CRBM: 45.785<br \/>Particular<\/p>\n<p><br \/><strong>DR. FERNANDO GOUV\u00caA<\/strong><br \/>Ortopedista \/ Traumatologista<br \/>CRM: 161.947<br \/>Particular, Benefic\u00eancia Portuguesa,<br \/>Bradesco Sa\u00fade, Mediservice e Unimed<\/p>\n<p><br \/><strong>DR. GINO DI DOMIZIO<\/strong><br \/>Cirurgi\u00e3o Pl\u00e1stico<br \/>CRM: 71.382<br \/>Particular, APS &#8211; Sobam,<br \/>Benefic\u00eancia Portuguesa,Bradesco Sa\u00fade,<br \/>Santa Casa de Valinhos, Medservice e Unimed<\/p>\n<p><br \/><strong>DR. HAROLDO LEITE MASTIGUIN<\/strong><br \/>Ginecologista \/ Obstetra \/ Sexualidade<br \/>CRM: 79.565<br \/>Particular, Amil, Bradesco Sa\u00fade, Medservice,<br \/>Porto Seguro e SulAm\u00e9rica<\/p>\n<p><br \/><strong>DRA. HELEN BASCOPE MAURIEL<\/strong><br \/>Ginecologista \/ Obstetra<br \/>CRM: 93.444<br \/>Particular, Associa\u00e7\u00e3o dos Aposentados e Unimed<\/p>\n<p><br \/><strong>DR. JOS\u00c9 CARLOS S. JUNQUEIRA<\/strong><br \/>Geriatra<br \/>CRM: 58.816<br \/>Particular, Associa\u00e7\u00e3o dos Aposentados,<br \/>Santa Casa de Valinhos e Unimed<\/p>\n<p><br \/><strong>DR. JOS\u00c9 EUG\u00caNIO COLOMBO<\/strong><br \/>Neurologista \/ Neurocirurgi\u00e3o<br \/>CRM: 80.718<br \/>Particular, Associa\u00e7\u00e3o dos Aposentados e Unimed<\/p>\n<p><br \/><strong>DRA. KARLA DA COSTA SIQUEIRA<\/strong><br \/>Endocrinologista \/ Metabologia<br \/>CRM: 77.720<br \/>Particular e Unimed<\/p>\n<p><br \/><strong>DRA. LILIAN SEFFRIN SANDE<\/strong><br \/>Cl\u00ednica M\u00e9dica \/ Cardiologista<br \/>CRM: 140.387<br \/>Particular e Unimed<\/p>\t\t\t\t\t\t\t\t<\/div>\n\t\t\t\t<\/div>\n\t\t\t\t\t<\/div>\n\t\t<\/div>\n\t\t\t\t<div class=\"elementor-column elementor-col-33 elementor-top-column elementor-element elementor-element-cc63f6c\" data-id=\"cc63f6c\" data-element_type=\"column\">\n\t\t\t<div class=\"elementor-widget-wrap elementor-element-populated\">\n\t\t\t\t\t\t<div class=\"elementor-element elementor-element-f11e354 elementor-widget elementor-widget-text-editor\" data-id=\"f11e354\" data-element_type=\"widget\" data-widget_type=\"text-editor.default\">\n\t\t\t\t<div class=\"elementor-widget-container\">\n\t\t\t\t\t\t\t\t\t<p><strong>DR. MANUEL JOAQUIM EIRAS FALC\u00c3O<\/strong><br \/>Infectologista<br \/>CRM: 51.212<br \/>Particular, Santa Casa de Valinhos e Unimed<\/p>\n<p><br \/><strong>DRA. MARCELA GALANI ROCHA<\/strong><br \/>Vascular \/ Angiologista<br \/>CRM: 149.781<br \/>Benefic\u00eancia Portuguesa<\/p>\n<p><br \/><strong>DRA. MIRCIA APARECIDA MOLISANI<\/strong><br \/>Dermatologista<br \/>CRM: 65.965<br \/>Particular<\/p>\n<p><br \/><strong>DR. LUIZ GUSTAVO FERNANDES MARQUES<\/strong><br \/>Cirurgi\u00e3o Geral \/ Cirurgi\u00e3o Bari\u00e1trico<br \/>CRM: 131.106<br \/>Particular e Unimed<\/p>\n<p><br \/><strong>DRA. PAULA MARIA VON ZUBEN<\/strong><br \/>Otorrinolaringologista<br \/>CRM: 94.154<br \/>Particular, Associa\u00e7\u00e3o dos Aposentados,<br \/>Bradesco,Santa Casa de Valinhos e Unimed<\/p>\n<p><br \/><strong>DRA. RAFAELLA MARTINI<\/strong><br \/>Fonoaudiologista<br \/>CRFa: 2-23.162<br \/>Benefic\u00eancia Portuguesa<\/p>\n<p><br \/><strong>DR. S\u00c9RGIO MENDON\u00c7A DE BARROS<\/strong><br \/>Neurologista \/ Neurocirurgi\u00e3o<br \/>CRM: 94.163<br \/>Particular, Samaritano e Unimed<\/p>\n<p><br \/><strong>DRA. TATIANA COSTALLAT RICCI<\/strong><br \/>Gastroenterologista \/ Hepatologista<br \/>CRM: 121.797<br \/>Particular, Associa\u00e7\u00e3o dos Aposentados e Unimed<\/p>\n<p><br \/><strong>DRA. TESSA V. O. PASSARELLA MADEIRA<\/strong><br \/>Cardiologista \/ Teste Ergom\u00e9trico<br \/>CRM: 105.560<br \/>Particular, Associa\u00e7\u00e3o dos Aposentados e Unimed<\/p>\n<p><br \/><strong>DRA. YANA NASCIMENTO FRACARI<\/strong><br \/>Cirurgia Geral<br \/>CRM: 214.819<br \/>Benefic\u00eancia Portuguesa<\/p>\t\t\t\t\t\t\t\t<\/div>\n\t\t\t\t<\/div>\n\t\t\t\t\t<\/div>\n\t\t<\/div>\n\t\t\t\t\t<\/div>\n\t\t<\/section>\n\t\t\t\t<\/div>\n\t\t","protected":false},"excerpt":{"rendered":"<p>DR. ADILSON A. GOUV\u00caAUrologista \/ AndrologistaCRM: 53.759Particular, Associa\u00e7\u00e3o dos Aposentados,Benefic\u00eancia Portuguesa, Bradesco, Cabesp, Cassi, Funda\u00e7\u00e3o Cesp e Unimed DRA. AMANDA MARIA SACILOTTO DETONIMastologistaCRM: 182.952Benefic\u00eancia Portuguesa DRA. ANA CLAUDIA ROLIM BRANCODermatologistaCRM: 199.309Benefic\u00eancia Portuguesa DRA. ANA FL\u00c1VIA MUNIZ RENNOGinecologistaCRM: 126.592Benefic\u00eancia Portuguesa DRA. ANA LARA PINHEIRO MARCOOtorrinolaringologistaCRM: 243.561Benefic\u00eancia Portuguesa DR. ANDR\u00c9 FRANCHINI FERNANDESCardiologistaCRM: 104.633Benefic\u00eancia Portuguesa DRA. AYLA SUHIB&hellip; <br \/> <a class=\"button small blue\" href=\"https:\/\/iemedicas.com.br\/index.php\/especialistas-instituto-de-especialidades-medicas\/\">Leia mais<\/a><\/p>\n","protected":false},"author":5,"featured_media":0,"parent":0,"menu_order":0,"comment_status":"closed","ping_status":"closed","template":"","meta":{"footnotes":""},"_links":{"self":[{"href":"https:\/\/iemedicas.com.br\/index.php\/wp-json\/wp\/v2\/pages\/1212"}],"collection":[{"href":"https:\/\/iemedicas.com.br\/index.php\/wp-json\/wp\/v2\/pages"}],"about":[{"href":"https:\/\/iemedicas.com.br\/index.php\/wp-json\/wp\/v2\/types\/page"}],"author":[{"embeddable":true,"href":"https:\/\/iemedicas.com.br\/index.php\/wp-json\/wp\/v2\/users\/5"}],"replies":[{"embeddable":true,"href":"https:\/\/iemedicas.com.br\/index.php\/wp-json\/wp\/v2\/comments?post=1212"}],"version-history":[{"count":10,"href":"https:\/\/iemedicas.com.br\/index.php\/wp-json\/wp\/v2\/pages\/1212\/revisions"}],"predecessor-version":[{"id":1223,"href":"https:\/\/iemedicas.com.br\/index.php\/wp-json\/wp\/v2\/pages\/1212\/revisions\/1223"}],"wp:attachment":[{"href":"https:\/\/iemedicas.com.br\/index.php\/wp-json\/wp\/v2\/media?parent=1212"}],"curies":[{"name":"wp","href":"https:\/\/api.w.org\/{rel}","templated":true}]}}